{"id":68,"date":"2020-06-16T10:01:49","date_gmt":"2020-06-16T10:01:49","guid":{"rendered":"https:\/\/www.ignaciosanchezmejias.es\/?page_id=68"},"modified":"2024-08-13T17:24:53","modified_gmt":"2024-08-13T17:24:53","slug":"medios-conferencias-y-presentaciones","status":"publish","type":"page","link":"https:\/\/www.ignaciosanchezmejias.es\/index.php\/medios-conferencias-y-presentaciones\/","title":{"rendered":"V\u00eddeos y audios"},"content":{"rendered":"\n<iframe loading=\"lazy\" title=\"Ignacio S\u00e1nchez Mej\u00edas. M\u00e1s que un torero.  Segunda Parte.\" width=\"580\" height=\"326\" src=\"https:\/\/www.youtube.com\/embed\/thdWL04mhiM?feature=oembed\" frameborder=\"0\" allow=\"accelerometer; autoplay; clipboard-write; encrypted-media; gyroscope; picture-in-picture; web-share\" referrerpolicy=\"strict-origin-when-cross-origin\" allowfullscreen><\/iframe>\n\n\n\n<p>12\/03\/2024. Redes Culturales Taurinas, entrevistas sobre Ignacio S\u00e1nchez Mej\u00edas. Parte II<\/p>\n\n\n\n<iframe loading=\"lazy\" title=\"Ignacio S\u00e1nchez Mej\u00edas.   M\u00e1s que un Torero.  Primera Parte\" width=\"580\" height=\"326\" src=\"https:\/\/www.youtube.com\/embed\/aM4s0tnaJxY?start=1&#038;feature=oembed\" frameborder=\"0\" allow=\"accelerometer; autoplay; clipboard-write; encrypted-media; gyroscope; picture-in-picture; web-share\" referrerpolicy=\"strict-origin-when-cross-origin\" allowfullscreen><\/iframe>\n\n\n\n<p>12\/03\/2024. Redes Culturales Taurinas, entrevistas sobre Ignacio S\u00e1nchez Mej\u00edas. Parte I<\/p>\n\n\n\n<iframe loading=\"lazy\" title=\"2023 10 19 Presentaci\u00f3n Sevilla\" width=\"580\" height=\"326\" src=\"https:\/\/www.youtube.com\/embed\/qEZpv5C2xcs?feature=oembed\" frameborder=\"0\" allow=\"accelerometer; autoplay; clipboard-write; encrypted-media; gyroscope; picture-in-picture; web-share\" referrerpolicy=\"strict-origin-when-cross-origin\" allowfullscreen><\/iframe>\n\n\n\n<p>19-10-2023. Archivo de Protocolos de Sevilla. Presentaci\u00f3n del libro \u00abJos\u00e9 G\u00f3mez Ortega, los que los Hados se Llevaron\u00bb.<\/p>\n\n\n\n<figure class=\"wp-block-embed is-type-video is-provider-youtube wp-block-embed-youtube aligncenter wp-embed-aspect-16-9 wp-has-aspect-ratio\"><div class=\"wp-block-embed__wrapper\">\n<iframe loading=\"lazy\" title=\"Madrid, 2 de junio de 2022\" width=\"580\" height=\"326\" src=\"https:\/\/www.youtube.com\/embed\/lgCMvYwaHck?feature=oembed\" frameborder=\"0\" allow=\"accelerometer; autoplay; clipboard-write; encrypted-media; gyroscope; picture-in-picture; web-share\" referrerpolicy=\"strict-origin-when-cross-origin\" allowfullscreen><\/iframe>\n<\/div><figcaption class=\"wp-element-caption\">02\/06\/2022. Presentaci\u00f3n en Madrid del libro \u00abDos temporadas y media, el triunfo de Joselito\u00bb<\/figcaption><\/figure>\n\n\n\n<p><\/p>\n\n\n\n<figure class=\"wp-block-embed is-type-video is-provider-youtube wp-block-embed-youtube wp-embed-aspect-16-9 wp-has-aspect-ratio\"><div class=\"wp-block-embed__wrapper\">\n<iframe loading=\"lazy\" title=\"2022 05 31 Presentaci\u00f3n Maestranza\" width=\"580\" height=\"326\" src=\"https:\/\/www.youtube.com\/embed\/d3iM9hN9nts?feature=oembed\" frameborder=\"0\" allow=\"accelerometer; autoplay; clipboard-write; encrypted-media; gyroscope; picture-in-picture; web-share\" referrerpolicy=\"strict-origin-when-cross-origin\" allowfullscreen><\/iframe>\n<\/div><figcaption class=\"wp-element-caption\">31\/05\/2022. Presentaci\u00f3n en Sevilla del libro \u00abDos Temporadas y Media, el triunfo de Joselito\u00bb<\/figcaption><\/figure>\n\n\n\n<p><a rel=\"noreferrer noopener\" href=\"https:\/\/www.canalsurmas.es\/videos\/detail\/48390-documentales-18052022\" target=\"_blank\">Andaluc\u00eda es Documental, Joselito el Gallo, &#8230; | CanalSur M\u00e1s (canalsurmas.es)<\/a><\/p>\n\n\n\n<p class=\"has-text-align-center\">17\/05\/2022<\/p>\n\n\n\n<p class=\"has-text-align-center\">Documental \u00abJoselito El Gallo, el torero sabio\u00bb<br>La figura del llamado \u201crey de los toreros\u201d, analizada al cumplirse el centenario de su tr\u00e1gica muerte.<\/p>\n\n\n\n<p class=\"has-text-align-center\"><em><strong>Pinchar sobre la foto<\/strong><\/em> \ud83d\udc47\ud83c\udfff<\/p>\n\n\n\n<figure class=\"wp-block-image\"><a href=\"https:\/\/www.canalsurmas.es\/videos\/detail\/48390-documentales-18052022\" target=\"_blank\" rel=\"noopener\"><img decoding=\"async\" src=\"https:\/\/cdn2.rtva.interactvty.com\/content_cards\/baf353e5a4324c60adeb46621bd0ef8e.jpg\" alt=\"\"\/><\/a><\/figure>\n\n\n\n<figure class=\"wp-block-embed is-type-video is-provider-youtube wp-block-embed-youtube wp-embed-aspect-16-9 wp-has-aspect-ratio\"><div class=\"wp-block-embed__wrapper\">\n<iframe loading=\"lazy\" title=\"&quot;JOSELITO EL GALLO, UN GENIO DENTRO Y FUERA DEL TOREO&quot; POR D. IGNACIO S\u00c1NCHEZ-MEJ\u00cdAS HERRERO\" width=\"580\" height=\"326\" src=\"https:\/\/www.youtube.com\/embed\/CWm-e7cIZ5U?feature=oembed\" frameborder=\"0\" allow=\"accelerometer; autoplay; clipboard-write; encrypted-media; gyroscope; picture-in-picture; web-share\" referrerpolicy=\"strict-origin-when-cross-origin\" allowfullscreen><\/iframe>\n<\/div><figcaption class=\"wp-element-caption\">Joselito El Gallo, un genio dentro y fuera del toreo. Conferencia en Onda (Castell\u00f3n) 29\/02\/2020<\/figcaption><\/figure>\n\n\n\n<p><\/p>\n\n\n\n<p><\/p>\n\n\n\n<figure class=\"wp-block-embed is-type-video is-provider-youtube wp-block-embed-youtube wp-embed-aspect-16-9 wp-has-aspect-ratio\"><div class=\"wp-block-embed__wrapper\">\n<iframe loading=\"lazy\" title=\"12 de marzo de 2019 Conferencia-Homenaje a Ignacio S\u00e1nchez Mej\u00edas\" width=\"580\" height=\"326\" src=\"https:\/\/www.youtube.com\/embed\/5wAprAdUdcE?feature=oembed\" frameborder=\"0\" allow=\"accelerometer; autoplay; clipboard-write; encrypted-media; gyroscope; picture-in-picture; web-share\" referrerpolicy=\"strict-origin-when-cross-origin\" allowfullscreen><\/iframe>\n<\/div><figcaption class=\"wp-element-caption\">Conferencia Homenaje a Ignacio S\u00e1nchez Mej\u00edas, en el centenario de su alternativa, en el Club Cocherito de Bilbao. 12\/03\/2019<\/figcaption><\/figure>\n\n\n\n<figure class=\"wp-block-embed is-type-video is-provider-youtube wp-block-embed-youtube wp-embed-aspect-4-3 wp-has-aspect-ratio\"><div class=\"wp-block-embed__wrapper\">\n<iframe loading=\"lazy\" title=\"Joselito 1920 - 2020. Homenaje a Gallito Chico - XIX Aula de Tauromaquia\" width=\"580\" height=\"435\" src=\"https:\/\/www.youtube.com\/embed\/uBETMEeFPRs?feature=oembed\" frameborder=\"0\" allow=\"accelerometer; autoplay; clipboard-write; encrypted-media; gyroscope; picture-in-picture; web-share\" referrerpolicy=\"strict-origin-when-cross-origin\" allowfullscreen><\/iframe>\n<\/div><figcaption class=\"wp-element-caption\">Homenaje a Joselito El Gallo. XIX Aula de Tauromaquia del CEU. 16\/05\/2020<\/figcaption><\/figure>\n\n\n\n<figure class=\"wp-block-embed is-type-video is-provider-youtube wp-block-embed-youtube wp-embed-aspect-16-9 wp-has-aspect-ratio\"><div class=\"wp-block-embed__wrapper\">\n<iframe loading=\"lazy\" title=\"Plaza de toros Monumental de Sevilla, presentacion en el ateneo de sevilla- canal sevilla radio.tv\" width=\"580\" height=\"326\" src=\"https:\/\/www.youtube.com\/embed\/oeBxfNnI2sI?feature=oembed\" frameborder=\"0\" allow=\"accelerometer; autoplay; clipboard-write; encrypted-media; gyroscope; picture-in-picture; web-share\" referrerpolicy=\"strict-origin-when-cross-origin\" allowfullscreen><\/iframe>\n<\/div><figcaption class=\"wp-element-caption\">Presentaci\u00f3n en el Ateneo de Sevilla del libro \u00abPlaza de Toros Monumental de Sevilla, la dignidad de un proyecto\u00bb 06\/06\/2018<\/figcaption><\/figure>\n\n\n\n<figure class=\"wp-block-embed is-type-video is-provider-youtube wp-block-embed-youtube wp-embed-aspect-16-9 wp-has-aspect-ratio\"><div class=\"wp-block-embed__wrapper\">\n<iframe loading=\"lazy\" title=\"Madrid, 8 de junio de 2018\" width=\"580\" height=\"326\" src=\"https:\/\/www.youtube.com\/embed\/qvhkPdtUyVQ?feature=oembed\" frameborder=\"0\" allow=\"accelerometer; autoplay; clipboard-write; encrypted-media; gyroscope; picture-in-picture; web-share\" referrerpolicy=\"strict-origin-when-cross-origin\" allowfullscreen><\/iframe>\n<\/div><figcaption class=\"wp-element-caption\">Presentaci\u00f3n del libro \u00abPlaza de Toros Monumental de Sevilla, la dignidad de un proyecto\u00bb en la plaza de Las Ventas de Madrid. 08\/06\/2018<\/figcaption><\/figure>\n\n\n\n<figure class=\"wp-block-embed is-type-video is-provider-youtube wp-block-embed-youtube wp-embed-aspect-16-9 wp-has-aspect-ratio\"><div class=\"wp-block-embed__wrapper\">\n<iframe loading=\"lazy\" title=\"Entrevista el economista y aficionado taurino Ignacio S\u00e1nchez-Mej\u00edas\" width=\"580\" height=\"326\" src=\"https:\/\/www.youtube.com\/embed\/-AnS9PNOf4M?feature=oembed\" frameborder=\"0\" allow=\"accelerometer; autoplay; clipboard-write; encrypted-media; gyroscope; picture-in-picture; web-share\" referrerpolicy=\"strict-origin-when-cross-origin\" allowfullscreen><\/iframe>\n<\/div><figcaption class=\"wp-element-caption\">Entrevista para el Ateneo de Sevilla, en tiempos de confinamiento por el Covid 19. 10\/05\/2020<\/figcaption><\/figure>\n\n\n\n<blockquote class=\"wp-block-quote is-layout-flow wp-block-quote-is-layout-flow\">\n<p><a href=\"https:\/\/losdejoseyjuan.com\/blog\/ignacio-sanchez-mejias-un-hombre-excesivo\/\">https:\/\/losdejoseyjuan.com\/blog\/ignacio-sanchez-mejias-un-hombre-excesivo\/<\/a><\/p>\n<cite>Audio de la conferencia \u00abIgnacio S\u00e1nchez Mej\u00edas, un hombre excesivo\u00bb en Las Ventas de Madrid el 16\/02\/2019, organizada por la Pe\u00f1a Los de Jos\u00e9 y Juan<\/cite><\/blockquote>\n\n\n\n<figure class=\"wp-block-embed is-type-video is-provider-youtube wp-block-embed-youtube wp-embed-aspect-16-9 wp-has-aspect-ratio\"><div class=\"wp-block-embed__wrapper\">\n<iframe loading=\"lazy\" title=\"Conferencia &quot;La Macarena y los Toros&quot; - Hermandad de la Macarena -\" width=\"580\" height=\"326\" src=\"https:\/\/www.youtube.com\/embed\/G5zS3T0X0pU?feature=oembed\" frameborder=\"0\" allow=\"accelerometer; autoplay; clipboard-write; encrypted-media; gyroscope; picture-in-picture; web-share\" referrerpolicy=\"strict-origin-when-cross-origin\" allowfullscreen><\/iframe>\n<\/div><figcaption class=\"wp-element-caption\">Mesa redonda \u00abLa Macarena y los Toros\u00bb, Hermandad de la Macarena. 01\/10\/2018<\/figcaption><\/figure>\n\n\n\n<figure class=\"wp-block-image size-large\"><img loading=\"lazy\" decoding=\"async\" width=\"620\" height=\"349\" src=\"https:\/\/www.ignaciosanchezmejias.es\/wp-content\/uploads\/2021\/02\/gallito-sombrero-torero2-kQCG-620x349@abc.jpg\" alt=\"\" class=\"wp-image-5548\" srcset=\"https:\/\/www.ignaciosanchezmejias.es\/wp-content\/uploads\/2021\/02\/gallito-sombrero-torero2-kQCG-620x349@abc.jpg 620w, https:\/\/www.ignaciosanchezmejias.es\/wp-content\/uploads\/2021\/02\/gallito-sombrero-torero2-kQCG-620x349@abc-300x169.jpg 300w\" sizes=\"auto, (max-width: 620px) 100vw, 620px\" \/><figcaption class=\"wp-element-caption\">Art\u00edculo en ABC sobre Joselito El Gallo.  12\/04\/2010 <\/figcaption><\/figure>\n\n\n\n<p><a href=\"https:\/\/sevilla.abc.es\/cultura\/toros\/sevi-joselito-gallo-mejor-torero-todos-tiempos-202004120829_noticia.html\" target=\"_blank\" rel=\"noreferrer noopener\">\u00bfFue Joselito el Gallo el mejor torero de todos los tiempos? (abc.es)<\/a><\/p>\n","protected":false},"excerpt":{"rendered":"<p>12\/03\/2024. Redes Culturales Taurinas, entrevistas sobre Ignacio S\u00e1nchez Mej\u00edas. Parte II 12\/03\/2024. Redes Culturales Taurinas, entrevistas sobre Ignacio S\u00e1nchez Mej\u00edas. Parte I 19-10-2023. Archivo de Protocolos de Sevilla. Presentaci\u00f3n del libro \u00abJos\u00e9 G\u00f3mez Ortega, los que los Hados se Llevaron\u00bb. Andaluc\u00eda es Documental, Joselito el Gallo, &#8230; | CanalSur M\u00e1s (canalsurmas.es) 17\/05\/2022 Documental \u00abJoselito El [&hellip;]<\/p>\n","protected":false},"author":1,"featured_media":0,"parent":0,"menu_order":0,"comment_status":"closed","ping_status":"closed","template":"","meta":{"footnotes":""},"class_list":["post-68","page","type-page","status-publish","hentry"],"yoast_head":"<!-- This site is optimized with the Yoast SEO plugin v27.4 - https:\/\/yoast.com\/product\/yoast-seo-wordpress\/ -->\n<title>V\u00eddeos y audios - Sitio web de Ignacio S\u00e1nchez-Mej\u00edas Herrero<\/title>\n<meta name=\"robots\" content=\"index, follow, max-snippet:-1, max-image-preview:large, max-video-preview:-1\" \/>\n<link rel=\"canonical\" href=\"https:\/\/www.ignaciosanchezmejias.es\/index.php\/medios-conferencias-y-presentaciones\/\" \/>\n<meta property=\"og:locale\" content=\"es_ES\" \/>\n<meta property=\"og:type\" content=\"article\" \/>\n<meta property=\"og:title\" content=\"V\u00eddeos y audios - Sitio web de Ignacio S\u00e1nchez-Mej\u00edas Herrero\" \/>\n<meta property=\"og:description\" content=\"12\/03\/2024. Redes Culturales Taurinas, entrevistas sobre Ignacio S\u00e1nchez Mej\u00edas. Parte II 12\/03\/2024. Redes Culturales Taurinas, entrevistas sobre Ignacio S\u00e1nchez Mej\u00edas. Parte I 19-10-2023. Archivo de Protocolos de Sevilla. Presentaci\u00f3n del libro \u00abJos\u00e9 G\u00f3mez Ortega, los que los Hados se Llevaron\u00bb. Andaluc\u00eda es Documental, Joselito el Gallo, &#8230; | CanalSur M\u00e1s (canalsurmas.es) 17\/05\/2022 Documental \u00abJoselito El [&hellip;]\" \/>\n<meta property=\"og:url\" content=\"https:\/\/www.ignaciosanchezmejias.es\/index.php\/medios-conferencias-y-presentaciones\/\" \/>\n<meta property=\"og:site_name\" content=\"Sitio web de Ignacio S\u00e1nchez-Mej\u00edas Herrero\" \/>\n<meta property=\"article:modified_time\" content=\"2024-08-13T17:24:53+00:00\" \/>\n<meta property=\"og:image\" content=\"https:\/\/cdn2.rtva.interactvty.com\/content_cards\/baf353e5a4324c60adeb46621bd0ef8e.jpg\" \/>\n<meta name=\"twitter:card\" content=\"summary_large_image\" \/>\n<meta name=\"twitter:label1\" content=\"Tiempo de lectura\" \/>\n\t<meta name=\"twitter:data1\" content=\"2 minutos\" \/>\n<script type=\"application\/ld+json\" class=\"yoast-schema-graph\">{\"@context\":\"https:\\\/\\\/schema.org\",\"@graph\":[{\"@type\":\"WebPage\",\"@id\":\"https:\\\/\\\/www.ignaciosanchezmejias.es\\\/index.php\\\/medios-conferencias-y-presentaciones\\\/\",\"url\":\"https:\\\/\\\/www.ignaciosanchezmejias.es\\\/index.php\\\/medios-conferencias-y-presentaciones\\\/\",\"name\":\"V\u00eddeos y audios - Sitio web de Ignacio S\u00e1nchez-Mej\u00edas Herrero\",\"isPartOf\":{\"@id\":\"https:\\\/\\\/www.ignaciosanchezmejias.es\\\/#website\"},\"primaryImageOfPage\":{\"@id\":\"https:\\\/\\\/www.ignaciosanchezmejias.es\\\/index.php\\\/medios-conferencias-y-presentaciones\\\/#primaryimage\"},\"image\":{\"@id\":\"https:\\\/\\\/www.ignaciosanchezmejias.es\\\/index.php\\\/medios-conferencias-y-presentaciones\\\/#primaryimage\"},\"thumbnailUrl\":\"https:\\\/\\\/cdn2.rtva.interactvty.com\\\/content_cards\\\/baf353e5a4324c60adeb46621bd0ef8e.jpg\",\"datePublished\":\"2020-06-16T10:01:49+00:00\",\"dateModified\":\"2024-08-13T17:24:53+00:00\",\"breadcrumb\":{\"@id\":\"https:\\\/\\\/www.ignaciosanchezmejias.es\\\/index.php\\\/medios-conferencias-y-presentaciones\\\/#breadcrumb\"},\"inLanguage\":\"es\",\"potentialAction\":[{\"@type\":\"ReadAction\",\"target\":[\"https:\\\/\\\/www.ignaciosanchezmejias.es\\\/index.php\\\/medios-conferencias-y-presentaciones\\\/\"]}]},{\"@type\":\"ImageObject\",\"inLanguage\":\"es\",\"@id\":\"https:\\\/\\\/www.ignaciosanchezmejias.es\\\/index.php\\\/medios-conferencias-y-presentaciones\\\/#primaryimage\",\"url\":\"https:\\\/\\\/cdn2.rtva.interactvty.com\\\/content_cards\\\/baf353e5a4324c60adeb46621bd0ef8e.jpg\",\"contentUrl\":\"https:\\\/\\\/cdn2.rtva.interactvty.com\\\/content_cards\\\/baf353e5a4324c60adeb46621bd0ef8e.jpg\"},{\"@type\":\"BreadcrumbList\",\"@id\":\"https:\\\/\\\/www.ignaciosanchezmejias.es\\\/index.php\\\/medios-conferencias-y-presentaciones\\\/#breadcrumb\",\"itemListElement\":[{\"@type\":\"ListItem\",\"position\":1,\"name\":\"Portada\",\"item\":\"https:\\\/\\\/www.ignaciosanchezmejias.es\\\/\"},{\"@type\":\"ListItem\",\"position\":2,\"name\":\"V\u00eddeos y audios\"}]},{\"@type\":\"WebSite\",\"@id\":\"https:\\\/\\\/www.ignaciosanchezmejias.es\\\/#website\",\"url\":\"https:\\\/\\\/www.ignaciosanchezmejias.es\\\/\",\"name\":\"Blog de Ignacio S\u00e1nchez-Mej\u00edas\",\"description\":\"Sitio personal ISM\",\"publisher\":{\"@id\":\"https:\\\/\\\/www.ignaciosanchezmejias.es\\\/#\\\/schema\\\/person\\\/494d20bda3404108c02016d5e608fc65\"},\"potentialAction\":[{\"@type\":\"SearchAction\",\"target\":{\"@type\":\"EntryPoint\",\"urlTemplate\":\"https:\\\/\\\/www.ignaciosanchezmejias.es\\\/?s={search_term_string}\"},\"query-input\":{\"@type\":\"PropertyValueSpecification\",\"valueRequired\":true,\"valueName\":\"search_term_string\"}}],\"inLanguage\":\"es\"},{\"@type\":[\"Person\",\"Organization\"],\"@id\":\"https:\\\/\\\/www.ignaciosanchezmejias.es\\\/#\\\/schema\\\/person\\\/494d20bda3404108c02016d5e608fc65\",\"name\":\"isanchezmejias\",\"image\":{\"@type\":\"ImageObject\",\"inLanguage\":\"es\",\"@id\":\"https:\\\/\\\/www.ignaciosanchezmejias.es\\\/wp-content\\\/uploads\\\/2020\\\/06\\\/cropped-Yo-antes.jpg\",\"url\":\"https:\\\/\\\/www.ignaciosanchezmejias.es\\\/wp-content\\\/uploads\\\/2020\\\/06\\\/cropped-Yo-antes.jpg\",\"contentUrl\":\"https:\\\/\\\/www.ignaciosanchezmejias.es\\\/wp-content\\\/uploads\\\/2020\\\/06\\\/cropped-Yo-antes.jpg\",\"width\":681,\"height\":482,\"caption\":\"isanchezmejias\"},\"logo\":{\"@id\":\"https:\\\/\\\/www.ignaciosanchezmejias.es\\\/wp-content\\\/uploads\\\/2020\\\/06\\\/cropped-Yo-antes.jpg\"},\"sameAs\":[\"https:\\\/\\\/www.ignaciosanchezmejias.es\"]}]}<\/script>\n<!-- \/ Yoast SEO plugin. -->","yoast_head_json":{"title":"V\u00eddeos y audios - Sitio web de Ignacio S\u00e1nchez-Mej\u00edas Herrero","robots":{"index":"index","follow":"follow","max-snippet":"max-snippet:-1","max-image-preview":"max-image-preview:large","max-video-preview":"max-video-preview:-1"},"canonical":"https:\/\/www.ignaciosanchezmejias.es\/index.php\/medios-conferencias-y-presentaciones\/","og_locale":"es_ES","og_type":"article","og_title":"V\u00eddeos y audios - Sitio web de Ignacio S\u00e1nchez-Mej\u00edas Herrero","og_description":"12\/03\/2024. Redes Culturales Taurinas, entrevistas sobre Ignacio S\u00e1nchez Mej\u00edas. Parte II 12\/03\/2024. Redes Culturales Taurinas, entrevistas sobre Ignacio S\u00e1nchez Mej\u00edas. Parte I 19-10-2023. Archivo de Protocolos de Sevilla. Presentaci\u00f3n del libro \u00abJos\u00e9 G\u00f3mez Ortega, los que los Hados se Llevaron\u00bb. Andaluc\u00eda es Documental, Joselito el Gallo, &#8230; | CanalSur M\u00e1s (canalsurmas.es) 17\/05\/2022 Documental \u00abJoselito El [&hellip;]","og_url":"https:\/\/www.ignaciosanchezmejias.es\/index.php\/medios-conferencias-y-presentaciones\/","og_site_name":"Sitio web de Ignacio S\u00e1nchez-Mej\u00edas Herrero","article_modified_time":"2024-08-13T17:24:53+00:00","og_image":[{"url":"https:\/\/cdn2.rtva.interactvty.com\/content_cards\/baf353e5a4324c60adeb46621bd0ef8e.jpg","type":"","width":"","height":""}],"twitter_card":"summary_large_image","twitter_misc":{"Tiempo de lectura":"2 minutos"},"schema":{"@context":"https:\/\/schema.org","@graph":[{"@type":"WebPage","@id":"https:\/\/www.ignaciosanchezmejias.es\/index.php\/medios-conferencias-y-presentaciones\/","url":"https:\/\/www.ignaciosanchezmejias.es\/index.php\/medios-conferencias-y-presentaciones\/","name":"V\u00eddeos y audios - Sitio web de Ignacio S\u00e1nchez-Mej\u00edas Herrero","isPartOf":{"@id":"https:\/\/www.ignaciosanchezmejias.es\/#website"},"primaryImageOfPage":{"@id":"https:\/\/www.ignaciosanchezmejias.es\/index.php\/medios-conferencias-y-presentaciones\/#primaryimage"},"image":{"@id":"https:\/\/www.ignaciosanchezmejias.es\/index.php\/medios-conferencias-y-presentaciones\/#primaryimage"},"thumbnailUrl":"https:\/\/cdn2.rtva.interactvty.com\/content_cards\/baf353e5a4324c60adeb46621bd0ef8e.jpg","datePublished":"2020-06-16T10:01:49+00:00","dateModified":"2024-08-13T17:24:53+00:00","breadcrumb":{"@id":"https:\/\/www.ignaciosanchezmejias.es\/index.php\/medios-conferencias-y-presentaciones\/#breadcrumb"},"inLanguage":"es","potentialAction":[{"@type":"ReadAction","target":["https:\/\/www.ignaciosanchezmejias.es\/index.php\/medios-conferencias-y-presentaciones\/"]}]},{"@type":"ImageObject","inLanguage":"es","@id":"https:\/\/www.ignaciosanchezmejias.es\/index.php\/medios-conferencias-y-presentaciones\/#primaryimage","url":"https:\/\/cdn2.rtva.interactvty.com\/content_cards\/baf353e5a4324c60adeb46621bd0ef8e.jpg","contentUrl":"https:\/\/cdn2.rtva.interactvty.com\/content_cards\/baf353e5a4324c60adeb46621bd0ef8e.jpg"},{"@type":"BreadcrumbList","@id":"https:\/\/www.ignaciosanchezmejias.es\/index.php\/medios-conferencias-y-presentaciones\/#breadcrumb","itemListElement":[{"@type":"ListItem","position":1,"name":"Portada","item":"https:\/\/www.ignaciosanchezmejias.es\/"},{"@type":"ListItem","position":2,"name":"V\u00eddeos y audios"}]},{"@type":"WebSite","@id":"https:\/\/www.ignaciosanchezmejias.es\/#website","url":"https:\/\/www.ignaciosanchezmejias.es\/","name":"Blog de Ignacio S\u00e1nchez-Mej\u00edas","description":"Sitio personal ISM","publisher":{"@id":"https:\/\/www.ignaciosanchezmejias.es\/#\/schema\/person\/494d20bda3404108c02016d5e608fc65"},"potentialAction":[{"@type":"SearchAction","target":{"@type":"EntryPoint","urlTemplate":"https:\/\/www.ignaciosanchezmejias.es\/?s={search_term_string}"},"query-input":{"@type":"PropertyValueSpecification","valueRequired":true,"valueName":"search_term_string"}}],"inLanguage":"es"},{"@type":["Person","Organization"],"@id":"https:\/\/www.ignaciosanchezmejias.es\/#\/schema\/person\/494d20bda3404108c02016d5e608fc65","name":"isanchezmejias","image":{"@type":"ImageObject","inLanguage":"es","@id":"https:\/\/www.ignaciosanchezmejias.es\/wp-content\/uploads\/2020\/06\/cropped-Yo-antes.jpg","url":"https:\/\/www.ignaciosanchezmejias.es\/wp-content\/uploads\/2020\/06\/cropped-Yo-antes.jpg","contentUrl":"https:\/\/www.ignaciosanchezmejias.es\/wp-content\/uploads\/2020\/06\/cropped-Yo-antes.jpg","width":681,"height":482,"caption":"isanchezmejias"},"logo":{"@id":"https:\/\/www.ignaciosanchezmejias.es\/wp-content\/uploads\/2020\/06\/cropped-Yo-antes.jpg"},"sameAs":["https:\/\/www.ignaciosanchezmejias.es"]}]}},"_links":{"self":[{"href":"https:\/\/www.ignaciosanchezmejias.es\/index.php\/wp-json\/wp\/v2\/pages\/68","targetHints":{"allow":["GET"]}}],"collection":[{"href":"https:\/\/www.ignaciosanchezmejias.es\/index.php\/wp-json\/wp\/v2\/pages"}],"about":[{"href":"https:\/\/www.ignaciosanchezmejias.es\/index.php\/wp-json\/wp\/v2\/types\/page"}],"author":[{"embeddable":true,"href":"https:\/\/www.ignaciosanchezmejias.es\/index.php\/wp-json\/wp\/v2\/users\/1"}],"replies":[{"embeddable":true,"href":"https:\/\/www.ignaciosanchezmejias.es\/index.php\/wp-json\/wp\/v2\/comments?post=68"}],"version-history":[{"count":30,"href":"https:\/\/www.ignaciosanchezmejias.es\/index.php\/wp-json\/wp\/v2\/pages\/68\/revisions"}],"predecessor-version":[{"id":7452,"href":"https:\/\/www.ignaciosanchezmejias.es\/index.php\/wp-json\/wp\/v2\/pages\/68\/revisions\/7452"}],"wp:attachment":[{"href":"https:\/\/www.ignaciosanchezmejias.es\/index.php\/wp-json\/wp\/v2\/media?parent=68"}],"curies":[{"name":"wp","href":"https:\/\/api.w.org\/{rel}","templated":true}]}}